{"id":15,"date":"2012-05-09T20:50:16","date_gmt":"2012-05-09T20:50:16","guid":{"rendered":"http:\/\/www.osirtuchola.pl\/?page_id=15"},"modified":"2025-07-28T07:36:03","modified_gmt":"2025-07-28T07:36:03","slug":"kontakt","status":"publish","type":"page","link":"https:\/\/www.osirtuchola.pl\/?page_id=15","title":{"rendered":"KONTAKT"},"content":{"rendered":"<p>O\u015brodek Sportu i Rekreacji<\/p>\n<p>ul. Warszawska 17<\/p>\n<p>89-501 Tuchola<\/p>\n<p>tel\/fax:52 3345 408, 52 33 45 511, 668 215 477<\/p>\n<p>Kr\u0119gielnia tel: 52 33 43 960<\/p>\n<p>mail: osir@tuchola.pl<\/p>\n<p><iframe loading=\"lazy\" src=\"http:\/\/maps.google.pl\/maps?q=tuchola+stadion&amp;oe=utf-8&amp;client=firefox-a&amp;ie=UTF8&amp;hl=pl&amp;hq=stadion&amp;hnear=Tuchola,+tucholski,+Kujawsko-Pomorskie&amp;t=m&amp;fll=53.587283,17.876987&amp;fspn=0.014801,0.039568&amp;st=109146043351405611748&amp;rq=1&amp;ev=zi&amp;split=1&amp;ll=53.587149,17.874534&amp;spn=0.014799,0.039568&amp;z=14&amp;iwloc=A&amp;cid=9775668383483041705&amp;output=embed\" width=\"620\" height=\"400\" frameborder=\"0\" marginwidth=\"0\" marginheight=\"0\" scrolling=\"no\"><\/iframe><br \/><small><a style=\"color: #0000ff; text-align: left;\" href=\"http:\/\/maps.google.pl\/maps?q=tuchola+stadion&amp;oe=utf-8&amp;client=firefox-a&amp;ie=UTF8&amp;hl=pl&amp;hq=stadion&amp;hnear=Tuchola,+tucholski,+Kujawsko-Pomorskie&amp;t=m&amp;fll=53.587283,17.876987&amp;fspn=0.014801,0.039568&amp;st=109146043351405611748&amp;rq=1&amp;ev=zi&amp;split=1&amp;ll=53.587149,17.874534&amp;spn=0.014799,0.039568&amp;z=14&amp;iwloc=A&amp;cid=9775668383483041705&amp;source=embed\">Wy\u015bwietl wi\u0119ksz\u0105 map\u0119<\/a><\/small><\/p>\n\n\n<p><\/p>\n\n\n\n<p><\/p>\n","protected":false},"excerpt":{"rendered":"<p>O\u015brodek Sportu i Rekreacji ul. Warszawska 17 89-501 Tuchola tel\/fax:52 3345 408, 52 33 45 511, 668 215 477 Kr\u0119gielnia tel: 52 33 43 960 mail: osir@tuchola.pl Wy\u015bwietl wi\u0119ksz\u0105 map\u0119<\/p>\n","protected":false},"author":2,"featured_media":0,"parent":0,"menu_order":0,"comment_status":"closed","ping_status":"open","template":"","meta":{"_kadence_starter_templates_imported_post":false,"_kad_post_transparent":"","_kad_post_title":"","_kad_post_layout":"","_kad_post_sidebar_id":"","_kad_post_content_style":"","_kad_post_vertical_padding":"","_kad_post_feature":"","_kad_post_feature_position":"","_kad_post_header":false,"_kad_post_footer":false,"footnotes":""},"class_list":["post-15","page","type-page","status-publish","hentry"],"_links":{"self":[{"href":"https:\/\/www.osirtuchola.pl\/index.php?rest_route=\/wp\/v2\/pages\/15","targetHints":{"allow":["GET"]}}],"collection":[{"href":"https:\/\/www.osirtuchola.pl\/index.php?rest_route=\/wp\/v2\/pages"}],"about":[{"href":"https:\/\/www.osirtuchola.pl\/index.php?rest_route=\/wp\/v2\/types\/page"}],"author":[{"embeddable":true,"href":"https:\/\/www.osirtuchola.pl\/index.php?rest_route=\/wp\/v2\/users\/2"}],"replies":[{"embeddable":true,"href":"https:\/\/www.osirtuchola.pl\/index.php?rest_route=%2Fwp%2Fv2%2Fcomments&post=15"}],"version-history":[{"count":5,"href":"https:\/\/www.osirtuchola.pl\/index.php?rest_route=\/wp\/v2\/pages\/15\/revisions"}],"predecessor-version":[{"id":7867,"href":"https:\/\/www.osirtuchola.pl\/index.php?rest_route=\/wp\/v2\/pages\/15\/revisions\/7867"}],"wp:attachment":[{"href":"https:\/\/www.osirtuchola.pl\/index.php?rest_route=%2Fwp%2Fv2%2Fmedia&parent=15"}],"curies":[{"name":"wp","href":"https:\/\/api.w.org\/{rel}","templated":true}]}}