{"id":30,"date":"2012-05-09T20:54:24","date_gmt":"2012-05-09T20:54:24","guid":{"rendered":"http:\/\/www.osirtuchola.pl\/?page_id=30"},"modified":"2026-01-22T13:05:41","modified_gmt":"2026-01-22T13:05:41","slug":"boisko","status":"publish","type":"page","link":"https:\/\/www.osirtuchola.pl\/?page_id=30","title":{"rendered":"Stadion"},"content":{"rendered":"\n<figure class=\"wp-block-image size-large\"><img loading=\"lazy\" decoding=\"async\" width=\"1024\" height=\"461\" src=\"https:\/\/www.osirtuchola.pl\/wp-content\/uploads\/2025\/05\/20250331_140357-1024x461.jpg\" alt=\"\" class=\"wp-image-7755\" srcset=\"https:\/\/www.osirtuchola.pl\/wp-content\/uploads\/2025\/05\/20250331_140357-1024x461.jpg 1024w, https:\/\/www.osirtuchola.pl\/wp-content\/uploads\/2025\/05\/20250331_140357-300x135.jpg 300w, https:\/\/www.osirtuchola.pl\/wp-content\/uploads\/2025\/05\/20250331_140357-768x346.jpg 768w, https:\/\/www.osirtuchola.pl\/wp-content\/uploads\/2025\/05\/20250331_140357-1536x692.jpg 1536w, https:\/\/www.osirtuchola.pl\/wp-content\/uploads\/2025\/05\/20250331_140357-2048x922.jpg 2048w\" sizes=\"auto, (max-width: 1024px) 100vw, 1024px\" \/><\/figure>\n\n\n\n<figure class=\"wp-block-image size-large\"><img loading=\"lazy\" decoding=\"async\" width=\"1024\" height=\"461\" src=\"https:\/\/www.osirtuchola.pl\/wp-content\/uploads\/2025\/05\/20250418_091118-1024x461.jpg\" alt=\"\" class=\"wp-image-7754\" srcset=\"https:\/\/www.osirtuchola.pl\/wp-content\/uploads\/2025\/05\/20250418_091118-1024x461.jpg 1024w, https:\/\/www.osirtuchola.pl\/wp-content\/uploads\/2025\/05\/20250418_091118-300x135.jpg 300w, https:\/\/www.osirtuchola.pl\/wp-content\/uploads\/2025\/05\/20250418_091118-768x346.jpg 768w, https:\/\/www.osirtuchola.pl\/wp-content\/uploads\/2025\/05\/20250418_091118-1536x691.jpg 1536w, https:\/\/www.osirtuchola.pl\/wp-content\/uploads\/2025\/05\/20250418_091118-2048x922.jpg 2048w\" sizes=\"auto, (max-width: 1024px) 100vw, 1024px\" \/><\/figure>\n\n\n\n<figure class=\"wp-block-image size-large\"><img loading=\"lazy\" decoding=\"async\" width=\"1024\" height=\"472\" src=\"https:\/\/www.osirtuchola.pl\/wp-content\/uploads\/2025\/05\/20250418_091426-1024x472.jpg\" alt=\"\" class=\"wp-image-7756\" srcset=\"https:\/\/www.osirtuchola.pl\/wp-content\/uploads\/2025\/05\/20250418_091426-1024x472.jpg 1024w, https:\/\/www.osirtuchola.pl\/wp-content\/uploads\/2025\/05\/20250418_091426-300x138.jpg 300w, https:\/\/www.osirtuchola.pl\/wp-content\/uploads\/2025\/05\/20250418_091426-768x354.jpg 768w, https:\/\/www.osirtuchola.pl\/wp-content\/uploads\/2025\/05\/20250418_091426-1536x707.jpg 1536w, https:\/\/www.osirtuchola.pl\/wp-content\/uploads\/2025\/05\/20250418_091426-2048x943.jpg 2048w\" sizes=\"auto, (max-width: 1024px) 100vw, 1024px\" \/><\/figure>\n\n\n\n<figure class=\"wp-block-image size-large\"><img loading=\"lazy\" decoding=\"async\" width=\"1024\" height=\"493\" src=\"https:\/\/www.osirtuchola.pl\/wp-content\/uploads\/2025\/05\/20250418_091652-1024x493.jpg\" alt=\"\" class=\"wp-image-7757\" srcset=\"https:\/\/www.osirtuchola.pl\/wp-content\/uploads\/2025\/05\/20250418_091652-1024x493.jpg 1024w, https:\/\/www.osirtuchola.pl\/wp-content\/uploads\/2025\/05\/20250418_091652-300x144.jpg 300w, https:\/\/www.osirtuchola.pl\/wp-content\/uploads\/2025\/05\/20250418_091652-768x370.jpg 768w, https:\/\/www.osirtuchola.pl\/wp-content\/uploads\/2025\/05\/20250418_091652-1536x739.jpg 1536w, https:\/\/www.osirtuchola.pl\/wp-content\/uploads\/2025\/05\/20250418_091652-2048x985.jpg 2048w\" sizes=\"auto, (max-width: 1024px) 100vw, 1024px\" \/><\/figure>\n\n\n\n<p>W sk\u0142ad kompleksu wchodz\u0105:<\/p>\n\n\n\n<ul class=\"wp-block-list\">\n<li>boisko do pi\u0142ki no\u017cnej z nawierzchni\u0105 z trawy naturalnej o wymiarach 105m x 67m czynne codziennie od godziny 10:00 do 21:00<\/li>\n\n\n\n<li>boisko pi\u0142karskie ze sztuczn\u0105 nawierzchni\u0105 o wymiarach 98m x 53m czynne codziennie od godziny 10:00 do 21:00<\/li>\n\n\n\n<li>bie\u017cnia og\u00f3lna tartanowa z urz\u0105dzeniami lekkoatletycznymi o d\u0142ugo\u015bci 400m czynna codziennie od godziny 10:00 do 21:00<\/li>\n<\/ul>\n\n\n\n<p class=\"has-text-align-center\"><strong>Cennik op\u0142at za wynajem boiska z naturaln\u0105 nawierzchni\u0105 oraz bie\u017cni\u0105 lekkoatletyczn\u0105 <\/strong><\/p>\n\n\n\n<figure class=\"wp-block-table\"><table class=\"has-fixed-layout\"><tbody><tr><td><strong>Rodzaj us\u0142ugi<\/strong><\/td><td class=\"has-text-align-center\" data-align=\"center\"><strong>Cena<\/strong><\/td><\/tr><tr><td>Trening (wraz z szatniami)<\/td><td class=\"has-text-align-center\" data-align=\"center\">200z\u0142 \/ 1,5h<\/td><\/tr><tr><td>Mecze, turnieje (wraz z szatniami)<\/td><td class=\"has-text-align-center\" data-align=\"center\">400 z\u0142 za pierwsze 2h, 100z\u0142 za ka\u017cd\u0105 kolejn\u0105 godzin\u0119<\/td><\/tr><tr><td>Wynajem ca\u0142ej p\u0142yty g\u0142\u00f3wnej na cele inne ni\u017c sportowe<\/td><td class=\"has-text-align-center\" data-align=\"center\">500 z\u0142<\/td><\/tr><tr><td>Korzystanie z bie\u017cni i urz\u0105dze\u0144<br>lekkoatletycznych dla szk\u00f3\u0142 <br>i klub\u00f3w.<\/td><td class=\"has-text-align-center\" data-align=\"center\">10,00 z\u0142\/1 godz.<\/td><\/tr><tr><td>Obozy sportowe<\/td><td class=\"has-text-align-center\" data-align=\"center\">wg uzgodnie\u0144<\/td><\/tr><\/tbody><\/table><\/figure>\n\n\n\n<p><\/p>\n\n\n\n<p class=\"has-text-align-center\"><strong>Cennik op\u0142at za wynajem boiska ze sztuczn\u0105 nawierzchni\u0105 <\/strong><\/p>\n\n\n\n<figure class=\"wp-block-table\"><table class=\"has-fixed-layout\"><tbody><tr><td><strong>Rodzaj us\u0142ugi<\/strong><\/td><td class=\"has-text-align-center\" data-align=\"center\"><strong>Cena<\/strong><\/td><\/tr><tr><td>Trening bez o\u015bwietlenia<\/td><td class=\"has-text-align-center\" data-align=\"center\">120z\u0142 \/1h<\/td><\/tr><tr><td>Trening z o\u015bwietleniem<\/td><td class=\"has-text-align-center\" data-align=\"center\">170z\u0142 \/1h<\/td><\/tr><tr><td>Mecze bez o\u015bwietlenia<\/td><td class=\"has-text-align-center\" data-align=\"center\">300z\u0142 \/2h<\/td><\/tr><tr><td>Mecze z o\u015bwietleniem<\/td><td class=\"has-text-align-center\" data-align=\"center\">500z\u0142 \/2h<\/td><\/tr><tr><td>Turnieje od 2h do 4h<\/td><td class=\"has-text-align-center\" data-align=\"center\">560z\u0142<\/td><\/tr><tr><td>Turnieje od 4h do 8h<\/td><td class=\"has-text-align-center\" data-align=\"center\">700z\u0142<\/td><\/tr><tr><td>Obozy sportowe<\/td><td class=\"has-text-align-center\" data-align=\"center\">wg uzgodnie\u0144<\/td><\/tr><\/tbody><\/table><\/figure>\n","protected":false},"excerpt":{"rendered":"<p>W sk\u0142ad kompleksu wchodz\u0105: Cennik op\u0142at za wynajem boiska z naturaln\u0105 nawierzchni\u0105 oraz bie\u017cni\u0105 lekkoatletyczn\u0105 Rodzaj us\u0142ugi Cena Trening (wraz z szatniami) 200z\u0142 \/ 1,5h Mecze, turnieje (wraz z szatniami) 400 z\u0142 za pierwsze 2h, 100z\u0142 za ka\u017cd\u0105 kolejn\u0105 godzin\u0119 Wynajem ca\u0142ej p\u0142yty g\u0142\u00f3wnej na cele inne ni\u017c sportowe 500 z\u0142 Korzystanie z bie\u017cni i&#8230;<\/p>\n","protected":false},"author":2,"featured_media":267,"parent":19,"menu_order":0,"comment_status":"closed","ping_status":"open","template":"","meta":{"_kadence_starter_templates_imported_post":false,"_kad_post_transparent":"","_kad_post_title":"","_kad_post_layout":"","_kad_post_sidebar_id":"","_kad_post_content_style":"","_kad_post_vertical_padding":"","_kad_post_feature":"","_kad_post_feature_position":"","_kad_post_header":false,"_kad_post_footer":false,"footnotes":""},"class_list":["post-30","page","type-page","status-publish","has-post-thumbnail","hentry"],"_links":{"self":[{"href":"https:\/\/www.osirtuchola.pl\/index.php?rest_route=\/wp\/v2\/pages\/30","targetHints":{"allow":["GET"]}}],"collection":[{"href":"https:\/\/www.osirtuchola.pl\/index.php?rest_route=\/wp\/v2\/pages"}],"about":[{"href":"https:\/\/www.osirtuchola.pl\/index.php?rest_route=\/wp\/v2\/types\/page"}],"author":[{"embeddable":true,"href":"https:\/\/www.osirtuchola.pl\/index.php?rest_route=\/wp\/v2\/users\/2"}],"replies":[{"embeddable":true,"href":"https:\/\/www.osirtuchola.pl\/index.php?rest_route=%2Fwp%2Fv2%2Fcomments&post=30"}],"version-history":[{"count":9,"href":"https:\/\/www.osirtuchola.pl\/index.php?rest_route=\/wp\/v2\/pages\/30\/revisions"}],"predecessor-version":[{"id":8144,"href":"https:\/\/www.osirtuchola.pl\/index.php?rest_route=\/wp\/v2\/pages\/30\/revisions\/8144"}],"up":[{"embeddable":true,"href":"https:\/\/www.osirtuchola.pl\/index.php?rest_route=\/wp\/v2\/pages\/19"}],"wp:featuredmedia":[{"embeddable":true,"href":"https:\/\/www.osirtuchola.pl\/index.php?rest_route=\/"}],"wp:attachment":[{"href":"https:\/\/www.osirtuchola.pl\/index.php?rest_route=%2Fwp%2Fv2%2Fmedia&parent=30"}],"curies":[{"name":"wp","href":"https:\/\/api.w.org\/{rel}","templated":true}]}}