{"id":35,"date":"2012-05-09T20:55:45","date_gmt":"2012-05-09T20:55:45","guid":{"rendered":"http:\/\/www.osirtuchola.pl\/?page_id=35"},"modified":"2026-01-15T11:03:57","modified_gmt":"2026-01-15T11:03:57","slug":"korty-tenisowe-2","status":"publish","type":"page","link":"https:\/\/www.osirtuchola.pl\/?page_id=35","title":{"rendered":"Kort tenisowy"},"content":{"rendered":"\n<figure class=\"wp-block-image size-large\"><img loading=\"lazy\" decoding=\"async\" width=\"1024\" height=\"461\" src=\"https:\/\/www.osirtuchola.pl\/wp-content\/uploads\/2025\/05\/1000028493-1-1024x461.jpg\" alt=\"\" class=\"wp-image-7742\" srcset=\"https:\/\/www.osirtuchola.pl\/wp-content\/uploads\/2025\/05\/1000028493-1-1024x461.jpg 1024w, https:\/\/www.osirtuchola.pl\/wp-content\/uploads\/2025\/05\/1000028493-1-300x135.jpg 300w, https:\/\/www.osirtuchola.pl\/wp-content\/uploads\/2025\/05\/1000028493-1-768x346.jpg 768w, https:\/\/www.osirtuchola.pl\/wp-content\/uploads\/2025\/05\/1000028493-1-1536x691.jpg 1536w, https:\/\/www.osirtuchola.pl\/wp-content\/uploads\/2025\/05\/1000028493-1-2048x922.jpg 2048w\" sizes=\"auto, (max-width: 1024px) 100vw, 1024px\" \/><\/figure>\n\n\n\n<figure class=\"wp-block-image size-large\"><img loading=\"lazy\" decoding=\"async\" width=\"1024\" height=\"461\" src=\"https:\/\/www.osirtuchola.pl\/wp-content\/uploads\/2025\/05\/1000028492-2-1024x461.jpg\" alt=\"\" class=\"wp-image-7747\" srcset=\"https:\/\/www.osirtuchola.pl\/wp-content\/uploads\/2025\/05\/1000028492-2-1024x461.jpg 1024w, https:\/\/www.osirtuchola.pl\/wp-content\/uploads\/2025\/05\/1000028492-2-300x135.jpg 300w, https:\/\/www.osirtuchola.pl\/wp-content\/uploads\/2025\/05\/1000028492-2-768x346.jpg 768w, https:\/\/www.osirtuchola.pl\/wp-content\/uploads\/2025\/05\/1000028492-2-1536x691.jpg 1536w, https:\/\/www.osirtuchola.pl\/wp-content\/uploads\/2025\/05\/1000028492-2-2048x922.jpg 2048w\" sizes=\"auto, (max-width: 1024px) 100vw, 1024px\" \/><\/figure>\n\n\n\n<p>Kort o nawierzchni z m\u0105czki ceglastej mieszcz\u0105cy si\u0119 kompleksie o\u015brodka, czynny w sezonie letnim w godz. 8:00 do 20:00. <\/p>\n\n\n\n<p>Na obiekcie wymagany jest w\u0142asny sprz\u0119t sportowy, nie ma mo\u017cliwo\u015bci wypo\u017cyczenia sprz\u0119tu. <\/p>\n\n\n\n<p><strong>Korzystaj\u0105cy z kortu tenisowego zobowi\u0105zani s\u0105 do:<\/strong><\/p>\n\n\n\n<ul class=\"wp-block-list\">\n<li>gry w obuwiu o rze\u017abie podeszwy, przystosowanej dla kortu tenisowego o<br>nawierzchni z m\u0105czki ceglanej,<\/li>\n\n\n\n<li> zachowania czysto\u015bci i porz\u0105dku, w szczeg\u00f3lno\u015bci wyrzucania<br>pozostawionych po sobie \u015bmieci,  do zasiatkowania nawierzchni, przed up\u0142ywem<br>czasu, na jaki zarezerwowany by\u0142 kort<\/li>\n\n\n\n<li> stosowania si\u0119 do polece\u0144, uwag lub wytycznych obs\u0142ugi obiektu<br>sportowego znajduj\u0105cej si\u0119 w recepcji hotelu<\/li>\n<\/ul>\n\n\n\n<p class=\"has-text-align-center\"><strong>Cennik op\u0142at za wynajem kortu<\/strong><\/p>\n\n\n\n<figure class=\"wp-block-table\"><table class=\"has-fixed-layout\"><tbody><tr><td class=\"has-text-align-left\" data-align=\"left\">&nbsp;<strong>Rodzaj us\u0142ugi<\/strong><\/td><td class=\"has-text-align-center\" data-align=\"center\">&nbsp;<strong>Cena<\/strong><\/td><\/tr><tr><td class=\"has-text-align-left\" data-align=\"left\">&nbsp;Kort tenisowy. <\/td><td class=\"has-text-align-center\" data-align=\"center\">&nbsp;30z\u0142 \/1h<\/td><\/tr><tr><td class=\"has-text-align-left\" data-align=\"left\">&nbsp;Kort tenisowy.<\/td><td class=\"has-text-align-center\" data-align=\"center\">100z\u0142 \/8h\u00a0<\/td><\/tr><\/tbody><\/table><\/figure>\n\n\n\n<p><br>&nbsp;<\/p>\n","protected":false},"excerpt":{"rendered":"<p>Kort o nawierzchni z m\u0105czki ceglastej mieszcz\u0105cy si\u0119 kompleksie o\u015brodka, czynny w sezonie letnim w godz. 8:00 do 20:00. Na obiekcie wymagany jest w\u0142asny sprz\u0119t sportowy, nie ma mo\u017cliwo\u015bci wypo\u017cyczenia sprz\u0119tu. Korzystaj\u0105cy z kortu tenisowego zobowi\u0105zani s\u0105 do: Cennik op\u0142at za wynajem kortu &nbsp;Rodzaj us\u0142ugi &nbsp;Cena &nbsp;Kort tenisowy. &nbsp;30z\u0142 \/1h &nbsp;Kort tenisowy. 100z\u0142 \/8h\u00a0 &nbsp;<\/p>\n","protected":false},"author":2,"featured_media":0,"parent":19,"menu_order":0,"comment_status":"closed","ping_status":"open","template":"","meta":{"_kadence_starter_templates_imported_post":false,"_kad_post_transparent":"","_kad_post_title":"","_kad_post_layout":"","_kad_post_sidebar_id":"","_kad_post_content_style":"","_kad_post_vertical_padding":"","_kad_post_feature":"","_kad_post_feature_position":"","_kad_post_header":false,"_kad_post_footer":false,"footnotes":""},"class_list":["post-35","page","type-page","status-publish","hentry"],"_links":{"self":[{"href":"https:\/\/www.osirtuchola.pl\/index.php?rest_route=\/wp\/v2\/pages\/35","targetHints":{"allow":["GET"]}}],"collection":[{"href":"https:\/\/www.osirtuchola.pl\/index.php?rest_route=\/wp\/v2\/pages"}],"about":[{"href":"https:\/\/www.osirtuchola.pl\/index.php?rest_route=\/wp\/v2\/types\/page"}],"author":[{"embeddable":true,"href":"https:\/\/www.osirtuchola.pl\/index.php?rest_route=\/wp\/v2\/users\/2"}],"replies":[{"embeddable":true,"href":"https:\/\/www.osirtuchola.pl\/index.php?rest_route=%2Fwp%2Fv2%2Fcomments&post=35"}],"version-history":[{"count":10,"href":"https:\/\/www.osirtuchola.pl\/index.php?rest_route=\/wp\/v2\/pages\/35\/revisions"}],"predecessor-version":[{"id":8127,"href":"https:\/\/www.osirtuchola.pl\/index.php?rest_route=\/wp\/v2\/pages\/35\/revisions\/8127"}],"up":[{"embeddable":true,"href":"https:\/\/www.osirtuchola.pl\/index.php?rest_route=\/wp\/v2\/pages\/19"}],"wp:attachment":[{"href":"https:\/\/www.osirtuchola.pl\/index.php?rest_route=%2Fwp%2Fv2%2Fmedia&parent=35"}],"curies":[{"name":"wp","href":"https:\/\/api.w.org\/{rel}","templated":true}]}}